{"id":13,"date":"2013-04-29T10:03:41","date_gmt":"2013-04-29T10:03:41","guid":{"rendered":"http:\/\/huromed.hu\/?page_id=13"},"modified":"2014-08-25T09:49:10","modified_gmt":"2014-08-25T09:49:10","slug":"a-programrol","status":"publish","type":"page","link":"https:\/\/huromed.hu\/ro\/projekt\/a-programrol\/","title":{"rendered":"Despre Program"},"content":{"rendered":"<p>Programul de Cooperare Transfrontalier\u0103 Ungaria-Rom\u00e2nia 2007-2013 continu\u0103 programele de cooperare transfrontalier\u0103 implementate \u00een trecut \u00een regiune (Interreg IIIA \u00een Ungaria \u015fi Phare CBC \u00een Rom\u00e2nia) fiind implementat \u00een cadrul unei structuri institu\u0163ionale comune, prin utilizarea de fonduri comune, totodat\u0103 extinz\u00e2nd \u015fi dezvolt\u00e2nd rezultatele \u015fi experien\u0163ele acumulate anterior. Drumul spre \u00eent\u0103rirea coeziunii sociale \u015fi economice \u00een zona de frontier\u0103 rom\u00e2no-maghiar\u0103 a fost deschis la data de 21 Decembrie 2007 odat\u0103 cu aprobarea oficial\u0103 a programului de c\u0103tre Comisia European\u0103. 248 de milioane de Euro sunt disponibili pentru stimularea cooper\u0103rii transfrontaliere \u00een perioada 2007-2013, sum\u0103 care se compune din contribu\u0163ia UE prin Fondul European de Dezvoltare Regional\u0103 \u015fi contribu\u0163ia celor dou\u0103 State Membre. Principalele caracteristici ale noii perioade de programare sunt:<\/p>\n<ul>\n<li>Cooperarea teritorial\u0103 ca \u015fi obiectiv \u00een sine \u2013> vizibilitate crescut\u0103<\/li>\n<li>Baz\u0103 legal\u0103 \u00eembun\u0103t\u0103\u0163it\u0103 (Clauze specifice privind cooperarea, principiul Partenerului Lider de Proiect, GECT, nu se accept\u0103 proiectele \u00een oglind\u0103 sau individuale)<\/li>\n<li>Focalizarea asupra obiectivelor Strategiilor de la LISABONA SI GOTEBORG: accent mai pronun\u0163at pe competitivitate \u015fi probleme de mediu<\/li>\n<li>\u00cen unele cazuri 85% co-finan\u0163are din fonduri europene pentru toate regiunile plus 10-13% co-finan\u0163are na\u0163ional\u0103 &#8211; numai 2-5% contribu\u0163ie proprie<\/li>\n<li>Finan\u0163are comun\u0103, european\u0103(FEDR) \u015fi na\u0163ional\u0103<\/li>\n<\/ul>\n<p>Programul ofer\u0103 poten\u0163ialilor beneficiari o gam\u0103 variat\u0103 de oportunt\u0103\u0163i prin intermediul celor dou\u0103 priorit\u0103\u0163i<\/p>\n<ul>\n<li><strong>\u00cembun\u0103t\u0103\u0163irea condi\u0163iilor cheie pentru dezvoltarea durabil\u0103, comun\u0103 a zonei de cooperare<\/strong><\/li>\n<li><strong>\u00cen<\/strong><strong>t\u0103rirea coeziunii sociale \u015fi economice \u00een regiunea de grani\u0163\u0103.<\/strong><\/li>\n<\/ul>\n","protected":false},"excerpt":{"rendered":"<p>Programul de Cooperare Transfrontalier\u0103 Ungaria-Rom\u00e2nia 2007-2013 continu\u0103 programele de cooperare transfrontalier\u0103 implementate \u00een trecut \u00een regiune (Interreg IIIA \u00een Ungaria \u015fi Phare CBC \u00een Rom\u00e2nia) fiind implementat \u00een cadrul unei structuri institu\u0163ionale comune, prin utilizarea de fonduri comune, totodat\u0103 extinz\u00e2nd \u015fi dezvolt\u00e2nd rezultatele \u015fi experien\u0163ele acumulate anterior. Drumul spre \u00eent\u0103rirea coeziunii sociale \u015fi economice \u00een [&hellip;]<\/p>\n","protected":false},"author":1,"featured_media":0,"parent":4,"menu_order":0,"comment_status":"open","ping_status":"open","template":"","meta":{"footnotes":""},"class_list":["post-13","page","type-page","status-publish","hentry"],"_links":{"self":[{"href":"https:\/\/huromed.hu\/ro\/wp-json\/wp\/v2\/pages\/13","targetHints":{"allow":["GET"]}}],"collection":[{"href":"https:\/\/huromed.hu\/ro\/wp-json\/wp\/v2\/pages"}],"about":[{"href":"https:\/\/huromed.hu\/ro\/wp-json\/wp\/v2\/types\/page"}],"author":[{"embeddable":true,"href":"https:\/\/huromed.hu\/ro\/wp-json\/wp\/v2\/users\/1"}],"replies":[{"embeddable":true,"href":"https:\/\/huromed.hu\/ro\/wp-json\/wp\/v2\/comments?post=13"}],"version-history":[{"count":22,"href":"https:\/\/huromed.hu\/ro\/wp-json\/wp\/v2\/pages\/13\/revisions"}],"predecessor-version":[{"id":113,"href":"https:\/\/huromed.hu\/ro\/wp-json\/wp\/v2\/pages\/13\/revisions\/113"}],"up":[{"embeddable":true,"href":"https:\/\/huromed.hu\/ro\/wp-json\/wp\/v2\/pages\/4"}],"wp:attachment":[{"href":"https:\/\/huromed.hu\/ro\/wp-json\/wp\/v2\/media?parent=13"}],"curies":[{"name":"wp","href":"https:\/\/api.w.org\/{rel}","templated":true}]}}