{"id":158,"date":"2014-08-27T08:48:10","date_gmt":"2014-08-27T08:48:10","guid":{"rendered":"http:\/\/huromed.hu\/?page_id=158"},"modified":"2014-10-27T08:57:27","modified_gmt":"2014-10-27T08:57:27","slug":"lugosi-diakok-makon","status":"publish","type":"page","link":"https:\/\/huromed.hu\/ro\/lugosi-diakok-makon\/","title":{"rendered":"Lugosi di\u00e1kok Mak\u00f3n"},"content":{"rendered":"<p>A HURO\/1101\/010\/2.4.1. J\u00e1r\u00f3beteg- \u00e9s s\u00fcrg\u0151ss\u00e9gi ell\u00e1t\u00e1s fejleszt\u00e9se hat\u00e1rok n\u00e9lk\u00fcl &#8211; Eg\u00e9szs\u00e9g\u00fcgy- \u00e9s attit\u0171d-fejleszt\u00e9s Mak\u00f3 \u00e9s Lugos t\u00e9rs\u00e9g\u00e9ben \u2013 projekt keret\u00e9ben a magyar partnerhez hasonl\u00f3an a lugosi partner is versenyt hirdetett k\u00f6z\u00e9piskol\u00e1soknak.<br \/>\nA lugosi gimn\u00e1zium v\u00e9gz\u0151s oszt\u00e1lya nyerte a 2 napos oszt\u00e1lykir\u00e1ndul\u00e1st.<br \/>\n2014. j\u00fanius 14-\u00e9n reggel \u00e9rkeztek. A meg\u00e9rkez\u00e9s \u00e9s ismerked\u00e9s ut\u00e1n a v\u00e1ros nevezetess\u00e9geit ismerhett\u00e9k meg egy hossz\u00fa s\u00e9ta keret\u00e9ben.<br \/>\nA szombat d\u00e9lut\u00e1ni napon a mak\u00f3i Kalandparkba l\u00e1togattak el, ahol minden j\u00e1t\u00e9keszk\u00f6zt sz\u00edvesen kipr\u00f3b\u00e1ltak a fiatalok. Nagy \u00f6r\u00f6mmel \u00e9s j\u00f3kedvvel vetett\u00e9k bele magukat a Maros felett h\u00faz\u00f3d\u00f3 canopy p\u00e1ly\u00e1ra, a f\u00e1k k\u00f6z\u00f6tti akad\u00e1ly p\u00e1ly\u00e1kra, az ing\u00e1ra, a m\u00e1sz\u00f3falra \u00e9s a trambulinra.<br \/>\nA vas\u00e1rnapi napon a Hagymatikum f\u00fcrd\u0151be mentek, ahol 10 \u00e9s 15 \u00f3ra k\u00f6z\u00f6tt t\u00f6lt\u0151dhettek fel a medenc\u00e9k \u00e9s cs\u00faszd\u00e1k adta \u00e9lm\u00e9nyekkel. Nagyon tetszett nekik a f\u00fcrd\u0151 impoz\u00e1ns megjelen\u00e9se.<br \/>\n\u00c9lm\u00e9nyekkel teli, boldogan b\u00e1r egy kicsit f\u00e1radtan indultak haza esti \u00f3r\u00e1kban.<\/p>\n<h3><a href=\"http:\/\/www.makohirado.hu\/eletmod\/elveztek-a-makoi-kirandulast-a-lugosi-gimnazistak\" target=\"_blank\">\u00c9lvezt\u00e9k a mak\u00f3i kir\u00e1ndul\u00e1st a lugosi gimnazist\u00e1k<\/a><\/h3>\n","protected":false},"excerpt":{"rendered":"<p>A HURO\/1101\/010\/2.4.1. J\u00e1r\u00f3beteg- \u00e9s s\u00fcrg\u0151ss\u00e9gi ell\u00e1t\u00e1s fejleszt\u00e9se hat\u00e1rok n\u00e9lk\u00fcl &#8211; Eg\u00e9szs\u00e9g\u00fcgy- \u00e9s attit\u0171d-fejleszt\u00e9s Mak\u00f3 \u00e9s Lugos t\u00e9rs\u00e9g\u00e9ben \u2013 projekt keret\u00e9ben a magyar partnerhez hasonl\u00f3an a lugosi partner is versenyt hirdetett k\u00f6z\u00e9piskol\u00e1soknak. A lugosi gimn\u00e1zium v\u00e9gz\u0151s oszt\u00e1lya nyerte a 2 napos oszt\u00e1lykir\u00e1ndul\u00e1st. 2014. j\u00fanius 14-\u00e9n reggel \u00e9rkeztek. A meg\u00e9rkez\u00e9s \u00e9s ismerked\u00e9s ut\u00e1n a v\u00e1ros nevezetess\u00e9geit ismerhett\u00e9k [&hellip;]<\/p>\n","protected":false},"author":1,"featured_media":0,"parent":0,"menu_order":0,"comment_status":"closed","ping_status":"closed","template":"","meta":{"footnotes":""},"class_list":["post-158","page","type-page","status-publish","hentry"],"_links":{"self":[{"href":"https:\/\/huromed.hu\/ro\/wp-json\/wp\/v2\/pages\/158","targetHints":{"allow":["GET"]}}],"collection":[{"href":"https:\/\/huromed.hu\/ro\/wp-json\/wp\/v2\/pages"}],"about":[{"href":"https:\/\/huromed.hu\/ro\/wp-json\/wp\/v2\/types\/page"}],"author":[{"embeddable":true,"href":"https:\/\/huromed.hu\/ro\/wp-json\/wp\/v2\/users\/1"}],"replies":[{"embeddable":true,"href":"https:\/\/huromed.hu\/ro\/wp-json\/wp\/v2\/comments?post=158"}],"version-history":[{"count":2,"href":"https:\/\/huromed.hu\/ro\/wp-json\/wp\/v2\/pages\/158\/revisions"}],"predecessor-version":[{"id":165,"href":"https:\/\/huromed.hu\/ro\/wp-json\/wp\/v2\/pages\/158\/revisions\/165"}],"wp:attachment":[{"href":"https:\/\/huromed.hu\/ro\/wp-json\/wp\/v2\/media?parent=158"}],"curies":[{"name":"wp","href":"https:\/\/api.w.org\/{rel}","templated":true}]}}