{"id":216,"date":"2014-10-27T09:42:07","date_gmt":"2014-10-27T09:42:07","guid":{"rendered":"http:\/\/huromed.hu\/?page_id=216"},"modified":"2014-10-27T09:50:03","modified_gmt":"2014-10-27T09:50:03","slug":"setara-invitalnak-a-makoi-verkeringok","status":"publish","type":"page","link":"https:\/\/huromed.hu\/ro\/setara-invitalnak-a-makoi-verkeringok\/","title":{"rendered":"S\u00e9t\u00e1ra invit\u00e1lnak a mak\u00f3i V\u00e9rKERIng\u0151k"},"content":{"rendered":"<p>SZ\u00cdVesen s\u00e9t\u00e1ln\u00e9k veled: Olvashat\u00f3 a mak\u00f3i KERIsek sz\u00edv \u00e9s \u00e9rrendszeri betegs\u00e9gek megel\u0151z\u00e9s\u00e9\u00e9rt folytatott mozgalm\u00e1nak plak\u00e1tj\u00e1n! Az eg\u00e9szs\u00e9g\u00fcgyi s\u00e9ta szerd\u00e1n 14:00-kor indul a KERI- t\u0151l.<\/p>\n<p><em><strong>A mak\u00f3i N\u00e1vay Lajos Szakk\u00e9pz\u0151 Iskola \u00e9s Koll\u00e9gium, k\u00f6zismertebb nev\u00e9n a KERI , 10.a oszt\u00e1lya , \u00e9s \u00a0oszt\u00e1lyf\u0151n\u00f6k\u00fck Alm\u00e1si \u00c9va \u00a0nev\u00e9hez is k\u00f6thet\u0151 az a kezdem\u00e9nyez\u00e9s , melynek k\u00f6sz\u00f6nhet\u0151en 6 kisorsolt nyertes, ingyenes kardiol\u00f3gia sz\u0171r\u0151vizsg\u00e1laton vehet r\u00e9szt a mak\u00f3i k\u00f3rh\u00e1zban.<\/strong><\/em> <strong>A r\u00e9szletekr\u0151l Alm\u00e1si \u00c9v\u00e1t k\u00e9rdezt\u00fck:<\/strong><\/p>\n<p><strong><strong>Kinek\/ kiknek k\u00f6sz\u00f6nhet\u0151, hogy l\u00e9trej\u00f6tt ez a kezdem\u00e9nyez\u00e9s?<\/strong><\/strong><\/p>\n<p><em><strong>A Csongr\u00e1d Megyei Eg\u00e9szs\u00e9g\u00fcgyi Ell\u00e1t\u00f3 K\u00f6zpont H\u00f3dmez\u0151v\u00e1s\u00e1rhely-Mak\u00f3, valamint a Lugosi V\u00e1rosi K\u00f3rh\u00e1z egy\u00fcttm\u0171k\u00f6d\u00e9sben versenyt \u00edrt ki k\u00f6z\u00e9piskol\u00e1s di\u00e1kok r\u00e9sz\u00e9re, amelynek c\u00e9lja a kardiol\u00f3giai sz\u0171r\u0151vizsg\u00e1lat n\u00e9pszer\u0171s\u00edt\u00e9se volt a feln\u0151tt koroszt\u00e1ly k\u00f6r\u00e9ben.\u00a0<\/strong><\/em><strong> <em>A \u201eSZ\u00cdVesen s\u00e9t\u00e1ln\u00e9k Veled\u2026\u201d mozgalom egy \u00e1ltalunk kital\u00e1lt feladat a t\u00f6bbi mellett. L\u00e9nyege, hogy a s\u00e9ta v\u00e9g\u00e9n beutal\u00f3 n\u00e9lk\u00fcl juttatunk be feln\u0151tteket a sz\u0171r\u0151vizsg\u00e1latra.<\/em><\/strong><\/p>\n<p><strong>Mi\u00e9rt tartj\u00e1tok fontosnak ezt a t\u00e9m\u00e1t?<\/strong><\/p>\n<p><strong>Mi volt az oka annak, hogy l\u00e9trehozt\u00e1tok a csoportot?<\/strong><\/p>\n<p><em><strong>A <\/strong><\/em><em><strong><a href=\"https:\/\/www.facebook.com\/pages\/v%C3%A9rKERIng%C5%91k\/650965381650078?fref=ts\">Facebook-os csoportunk<\/a><\/strong><\/em><em><strong> l\u00e9trehoz\u00e1sa, amely a v\u00e9rKERIng\u0151k n\u00e9v alatt fut, ugyancsak egy feladat volt a verseny sor\u00e1n. L\u00e9nyeges felh\u00edvnunk a figyelmet a stresszes, doh\u00e1nyz\u00f3, helytelen\u00fcl t\u00e1pl\u00e1lkoz\u00f3 feln\u0151tteknek a sz\u0171r\u00e9s fontoss\u00e1g\u00e1ra.<\/strong><\/em><\/p>\n<p><strong>Mit kell tudni a szerdai s\u00e9t\u00e1r\u00f3l?<\/strong><\/p>\n<p><strong><em>14 \u00f3rakor gy\u00fclekez\u00fcnk a KERI bej\u00e1rat\u00e1n\u00e1l \u00e9s a Hagymatikum \u00e9rint\u00e9s\u00e9vel les\u00e9t\u00e1lunk a K\u00f3rh\u00e1z \u00e9p\u00fclet\u00e9ig. Ott el\u0151z\u0151leg fel\u00e1ll\u00edtunk egy standot, ahol a sz\u0171r\u00e9sre jelentkez\u0151k adhatj\u00e1k le neveiket, kihelyez\u00fcnk egy adom\u00e1ny l\u00e1d\u00e1t is, amelynek tartalm\u00e1t felaj\u00e1nljuk sz\u00edvbeteg gyerekek r\u00e9sz\u00e9re.<\/em><\/strong><\/p>\n<p><strong>Kik csatlakozhatnak?<\/strong><\/p>\n<p><strong><em>B\u00e1rki, de t\u00f6bbnyire a di\u00e1kt\u00e1rsakhoz, tan\u00e1rainkhoz \u00e9s azok hozz\u00e1tartoz\u00f3ihoz c\u00edmezt\u00fck a megh\u00edv\u00e1st.<\/em><\/strong> <strong>Van \u2013e tov\u00e1bbi c\u00e9lotok?<\/strong><strong><strong>Szeretn\u00e9tek- e hasonl\u00f3 rendezv\u00e9nyeket szervezni?<\/strong><\/strong> <strong><em>Ennek a programnak a soksz\u00edn\u0171s\u00e9g\u00e9nek k\u00f6sz\u00f6nhet\u0151en \u2013 t\u00f6bb feladatot kellett elv\u00e9gezn\u00fcnk; plak\u00e1tot k\u00e9sz\u00edtett\u00fcnk, filmet forgattunk, s\u00e9t\u00e1lunk, Facebookos fel\u00fcletet \u00fczemeltet\u00fcnk, feln\u0151tteket invit\u00e1lunk sz\u0171r\u0151vizsg\u00e1latra \u2013 az oszt\u00e1ly m\u00e9g ink\u00e1bb \u00f6sszekov\u00e1csol\u00f3dott.<\/em> <em>Eddig is nagyon j\u00f3k voltunk mi egy\u00fctt, de most igaz\u00e1n egy\u00fctt kellett\u00a0m\u0171k\u00f6dn\u00fcnk. Ha van lehet\u0151s\u00e9g, a j\u00f6v\u0151ben sz\u00edvesen jelentkez\u00fcnk hasonl\u00f3 versenyekre.<\/em><\/strong><\/p>\n<p><strong><strong>A s\u00e9ta v\u00e9g\u00e9n minden r\u00e9sztvev\u0151nek kedveskednek egy kis apr\u00f3s\u00e1ggal a szervez\u0151k- tette hozz\u00e1 Alm\u00e1si \u00c9va, f\u0151szervez\u0151.<\/strong><\/strong> <strong>A p\u00e1ly\u00e1zat megnyer\u00e9se eset\u00e9n \u00a0a KERIs oszt\u00e1ly \u00a0Lugason, egy 2 napos oszt\u00e1lykir\u00e1ndul\u00e1son vehet majd r\u00e9szt.\u00a0<\/strong> <strong>Csatlakozz te is a V\u00e9rKERIng\u0151k csoportj\u00e1hoz: <a href=\"https:\/\/www.facebook.com\/pages\/v%C3%A9rKERIng%C5%91k\/650965381650078?fref=ts\">ITT<\/a>\u00a0, \u00e9s s\u00e9t\u00e1lj vel\u00fck holnap.<\/strong><strong> <strong>Gy\u00fclekez\u0151: KERI bej\u00e1rat (Posta u.4-6.) 14.00-kor<\/strong><\/strong><\/p>\n<h3><a href=\"https:\/\/www.youtube.com\/watch?v=zU3-mZmoOkM\" target=\"_blank\">Mak\u00f3i V\u00e1rosi TV &#8211; V\u00e9rkering\u0151k figyelemfelh\u00edv\u00f3 s\u00e9t\u00e1ja<\/a><\/h3>\n","protected":false},"excerpt":{"rendered":"<p>SZ\u00cdVesen s\u00e9t\u00e1ln\u00e9k veled: Olvashat\u00f3 a mak\u00f3i KERIsek sz\u00edv \u00e9s \u00e9rrendszeri betegs\u00e9gek megel\u0151z\u00e9s\u00e9\u00e9rt folytatott mozgalm\u00e1nak plak\u00e1tj\u00e1n! Az eg\u00e9szs\u00e9g\u00fcgyi s\u00e9ta szerd\u00e1n 14:00-kor indul a KERI- t\u0151l. A mak\u00f3i N\u00e1vay Lajos Szakk\u00e9pz\u0151 Iskola \u00e9s Koll\u00e9gium, k\u00f6zismertebb nev\u00e9n a KERI , 10.a oszt\u00e1lya , \u00e9s \u00a0oszt\u00e1lyf\u0151n\u00f6k\u00fck Alm\u00e1si \u00c9va \u00a0nev\u00e9hez is k\u00f6thet\u0151 az a kezdem\u00e9nyez\u00e9s , melynek k\u00f6sz\u00f6nhet\u0151en 6 kisorsolt [&hellip;]<\/p>\n","protected":false},"author":1,"featured_media":0,"parent":0,"menu_order":0,"comment_status":"closed","ping_status":"closed","template":"","meta":{"footnotes":""},"class_list":["post-216","page","type-page","status-publish","hentry"],"_links":{"self":[{"href":"https:\/\/huromed.hu\/ro\/wp-json\/wp\/v2\/pages\/216","targetHints":{"allow":["GET"]}}],"collection":[{"href":"https:\/\/huromed.hu\/ro\/wp-json\/wp\/v2\/pages"}],"about":[{"href":"https:\/\/huromed.hu\/ro\/wp-json\/wp\/v2\/types\/page"}],"author":[{"embeddable":true,"href":"https:\/\/huromed.hu\/ro\/wp-json\/wp\/v2\/users\/1"}],"replies":[{"embeddable":true,"href":"https:\/\/huromed.hu\/ro\/wp-json\/wp\/v2\/comments?post=216"}],"version-history":[{"count":7,"href":"https:\/\/huromed.hu\/ro\/wp-json\/wp\/v2\/pages\/216\/revisions"}],"predecessor-version":[{"id":224,"href":"https:\/\/huromed.hu\/ro\/wp-json\/wp\/v2\/pages\/216\/revisions\/224"}],"wp:attachment":[{"href":"https:\/\/huromed.hu\/ro\/wp-json\/wp\/v2\/media?parent=216"}],"curies":[{"name":"wp","href":"https:\/\/api.w.org\/{rel}","templated":true}]}}