{"id":228,"date":"2014-10-27T10:03:03","date_gmt":"2014-10-27T10:03:03","guid":{"rendered":"http:\/\/huromed.hu\/?page_id=228"},"modified":"2014-10-27T10:03:03","modified_gmt":"2014-10-27T10:03:03","slug":"a-verkeringok-nyertek-a-makoi-korhaz-lugosi-kirandulasat","status":"publish","type":"page","link":"https:\/\/huromed.hu\/ro\/a-verkeringok-nyertek-a-makoi-korhaz-lugosi-kirandulasat\/","title":{"rendered":"A V\u00e9rkering\u0151k nyert\u00e9k a mak\u00f3i k\u00f3rh\u00e1z lugosi kir\u00e1ndul\u00e1s\u00e1t"},"content":{"rendered":"<p><strong>A V\u00e9rkering\u0151k csapata, azaz N\u00e1vay Lajos Szakk\u00e9pz\u0151 Iskola \u00e9s Koll\u00e9gium 10. a. oszt\u00e1lya nyerte meg a Dr. Di\u00f3sszil\u00e1gyi S\u00e1muel K\u00f3rh\u00e1z k\u00f6z\u00e9piskol\u00e1soknak ki\u00edrt verseny\u00e9t, \u00edgy \u0151k vehetnek r\u00e9szt egy j\u00fanius 20-\u00e1n kezd\u0151d\u0151 k\u00e9tnapos kir\u00e1ndul\u00e1son, a rom\u00e1niai Lugoson.<\/strong><\/p>\n<p>A mak\u00f3i \u00e9s a lugosi k\u00f3rh\u00e1z m\u00e9g tavaly \u00edrt ki p\u00e1ly\u00e1zatot a &#8222;J\u00e1r\u00f3beteg &#8211; \u00e9s s\u00fcrg\u0151ss\u00e9gi ell\u00e1t\u00e1s fejleszt\u00e9se hat\u00e1rok n\u00e9lk\u00fcl&#8221; k\u00f6z\u00f6s hat\u00e1ron \u00e1tny\u00fal\u00f3 program keret\u00e9ben a mak\u00f3i \u00e9s a lugosi k\u00f6z\u00e9piskol\u00e1soknak, hogy azok plak\u00e1tokkal, Facebook-os oldallal, videofilm k\u00e9sz\u00edt\u00e9ssel n\u00e9pszer\u0171s\u00edts\u00e9k a kardiol\u00f3giai megel\u0151z\u0151 sz\u0171r\u00e9seken val\u00f3 r\u00e9szv\u00e9telt.<\/p>\n<p>A mak\u00f3i N\u00e1vay Lajos Szakk\u00e9pz\u0151 Iskola \u00e9s Koll\u00e9gium10.a-s di\u00e1kjai,<em> Koz\u00e1k Gy\u00f6rgy<\/em> int\u00e9zm\u00e9nyvezet\u0151 \u00e9s <em>Alm\u00e1si \u00c9va<\/em> oszt\u00e1lyf\u0151n\u00f6kvezet\u00e9s\u00e9vel a m\u00falt h\u00e9ten m\u00e9g egy figyelemfelh\u00edv\u00f3 s\u00e9t\u00e1t is rendeztek, melyen az iskol\u00e1t\u00f3l a k\u00f3rh\u00e1zig vezet\u0151 t\u00e1vot tett\u00e9k meg. A hozz\u00e1juk csatlakozott feln\u0151ttek akkor soron k\u00edv\u00fcl, mindenf\u00e9le beutal\u00f3 n\u00e9lk\u00fcl vehettek r\u00e9szt sz\u00edvultrahang vizsg\u00e1laton.<br \/>\nEz s\u00e9ta jelentette azt a plusz pontsz\u00e1mot, mely v\u00e9g\u00fcl gy\u0151zelemhez seg\u00edtette a keris csapatot. A Lugoson hirdetett ugyanilyen verseny ottani gy\u0151ztes csapata cser\u00e9be Mak\u00f3 nevezetess\u00e9geivel ismerkedhet meg.<\/p>\n","protected":false},"excerpt":{"rendered":"<p>A V\u00e9rkering\u0151k csapata, azaz N\u00e1vay Lajos Szakk\u00e9pz\u0151 Iskola \u00e9s Koll\u00e9gium 10. a. oszt\u00e1lya nyerte meg a Dr. Di\u00f3sszil\u00e1gyi S\u00e1muel K\u00f3rh\u00e1z k\u00f6z\u00e9piskol\u00e1soknak ki\u00edrt verseny\u00e9t, \u00edgy \u0151k vehetnek r\u00e9szt egy j\u00fanius 20-\u00e1n kezd\u0151d\u0151 k\u00e9tnapos kir\u00e1ndul\u00e1son, a rom\u00e1niai Lugoson. A mak\u00f3i \u00e9s a lugosi k\u00f3rh\u00e1z m\u00e9g tavaly \u00edrt ki p\u00e1ly\u00e1zatot a &#8222;J\u00e1r\u00f3beteg &#8211; \u00e9s s\u00fcrg\u0151ss\u00e9gi ell\u00e1t\u00e1s fejleszt\u00e9se hat\u00e1rok [&hellip;]<\/p>\n","protected":false},"author":1,"featured_media":0,"parent":0,"menu_order":0,"comment_status":"closed","ping_status":"closed","template":"","meta":{"footnotes":""},"class_list":["post-228","page","type-page","status-publish","hentry"],"_links":{"self":[{"href":"https:\/\/huromed.hu\/ro\/wp-json\/wp\/v2\/pages\/228","targetHints":{"allow":["GET"]}}],"collection":[{"href":"https:\/\/huromed.hu\/ro\/wp-json\/wp\/v2\/pages"}],"about":[{"href":"https:\/\/huromed.hu\/ro\/wp-json\/wp\/v2\/types\/page"}],"author":[{"embeddable":true,"href":"https:\/\/huromed.hu\/ro\/wp-json\/wp\/v2\/users\/1"}],"replies":[{"embeddable":true,"href":"https:\/\/huromed.hu\/ro\/wp-json\/wp\/v2\/comments?post=228"}],"version-history":[{"count":1,"href":"https:\/\/huromed.hu\/ro\/wp-json\/wp\/v2\/pages\/228\/revisions"}],"predecessor-version":[{"id":229,"href":"https:\/\/huromed.hu\/ro\/wp-json\/wp\/v2\/pages\/228\/revisions\/229"}],"wp:attachment":[{"href":"https:\/\/huromed.hu\/ro\/wp-json\/wp\/v2\/media?parent=228"}],"curies":[{"name":"wp","href":"https:\/\/api.w.org\/{rel}","templated":true}]}}