{"id":248,"date":"2014-10-27T10:23:11","date_gmt":"2014-10-27T10:23:11","guid":{"rendered":"http:\/\/huromed.hu\/?page_id=248"},"modified":"2014-10-27T10:23:11","modified_gmt":"2014-10-27T10:23:11","slug":"lezarult-a-makoi-es-lugosi-korhaz-kozos-egeszsegugyi-projektje","status":"publish","type":"page","link":"https:\/\/huromed.hu\/ro\/lezarult-a-makoi-es-lugosi-korhaz-kozos-egeszsegugyi-projektje\/","title":{"rendered":"Lez\u00e1rult a mak\u00f3i \u00e9s lugosi k\u00f3rh\u00e1z k\u00f6z\u00f6s eg\u00e9szs\u00e9g\u00fcgyi projektje"},"content":{"rendered":"<p><strong>\u00dcnnep\u00e9lyes keretek k\u00f6z\u00f6tt ma z\u00e1rult le a mak\u00f3i \u00e9s a lugosi k\u00f3rh\u00e1z tavaly janu\u00e1rj\u00e1ban indult k\u00f6z\u00f6s projektje. A Dr. Di\u00f3sszil\u00e1gyi S\u00e1muel k\u00f3rh\u00e1z rendel\u0151int\u00e9zet\u00e9nek k\u00fcls\u0151 fel\u00faj\u00edt\u00e1s\u00e1t, h\u0151szigetel\u00e9s\u00e9t \u00e9s ny\u00edl\u00e1sz\u00e1r\u00f3 cser\u00e9j\u00e9t v\u00e9gezt\u00e9k az elnyert 130 milli\u00f3 forintb\u00f3l, illetve h\u00e1rom \u00faj m\u0171szert is v\u00e1s\u00e1roltak.<\/strong><\/p>\n<p>Az &#8222;Eg\u00e9szs\u00e9g\u00fcgy- \u00e9s attit\u0171dfejleszt\u00e9s Mak\u00f3 \u00e9s Lugos t\u00e9rs\u00e9g\u00e9ben&#8221; c\u00edm\u0171 projekt &#8211; mint az <em>Kallai \u00c1rp\u00e1d<\/em> f\u0151igazgat\u00f3, <em>Nagy Jen\u0151<\/em> orvosigazgat\u00f3, valamint <em>Florin Voiceshcu<\/em> lugosi k\u00f3rh\u00e1zigazgat\u00f3 a mak\u00f3i k\u00f3rh\u00e1zban ma d\u00e9lel\u0151tt tartott sajt\u00f3t\u00e1j\u00e9koztat\u00f3j\u00e1n elhangzott &#8211; tavaly m\u00e1rciusban indult az Eur\u00f3pai Uni\u00f3 t\u00e1mogat\u00e1s\u00e1val, a Magyar-Rom\u00e1nia Hat\u00e1ron \u00c1tny\u00fal\u00f3 Egy\u00fcttm\u0171k\u00f6d\u00e9si Program keret\u00e9ben. A t\u00e1mogat\u00e1snak k\u00f6sz\u00f6nhet\u0151en a dr. Di\u00f3sszil\u00e1gyi S\u00e1muel K\u00f3rh\u00e1z 433 ezer eur\u00f3s, azaz 130 milli\u00d3 forintos fejleszt\u00e9sbe kezdhetett. Ebb\u0151l az \u00f6sszegb\u0151l v\u00e9gezt\u00e9k el a rendel\u0151int\u00e9zet tet\u0151- \u00e9s falszigetel\u00e9s\u00e9t, ny\u00edl\u00e1sz\u00e1r\u00f3cser\u00e9j\u00e9t, s v\u00e1s\u00e1roltak egy mini Doppler k\u00e9sz\u00fcl\u00e9ket, egy sz\u00edvultrahang k\u00e9sz\u00fcl\u00e9ket, s kapott egy \u00faj m\u0171szert a f\u00fcl-orr-g\u00e9g\u00e9szet is.<\/p>\n<p>A lugosi v\u00e1rosi k\u00f3rh\u00e1z koordin\u00e1lta egy\u00fcttm\u0171k\u00f6d\u00e9s sor\u00e1n 4 alkalommal Lugoson, m\u00edg 3 alkalommal Mak\u00f3n rendeztek tov\u00e1bbk\u00e9pz\u0151 el\u0151ad\u00e1sokat az orvosok, asszisztensek \u00e9s n\u0151v\u00e9rek r\u00e9szv\u00e9tel\u00e9vel. A k\u00e9t int\u00e9zm\u00e9ny k\u00f6z\u00f6tt online videokapcsolatot is l\u00e9tes\u00edtettek. Mak\u00f3n a Sz\u00edv Vil\u00e1gnapj\u00e1n megel\u0151z\u0151 sz\u0171r\u0151vizsg\u00e1latokat v\u00e9geztek, az \u00e1ltal\u00e1nos- \u00e9s k\u00f6z\u00e9piskol\u00e1sok k\u00f6zt pedig versenyeket hirdettek. Az ut\u00f3bbi koroszt\u00e1ly gy\u0151ztes csapata k\u00e9t napig Lugoson nyaraltak, az ottani gy\u0151ztes k\u00f6z\u00e9piskol\u00e1sok pedig k\u00e9t napos mak\u00f3i kir\u00e1ndul\u00e1son vehettek r\u00e9szt.<\/p>\n<p>Kallai \u00c1rp\u00e1d f\u0151igazgat\u00f3 kiemelte: az egy\u00fcttm\u0171k\u00f6d\u00e9s sor\u00e1n emberi-bar\u00e1ti kapcsolatok is kialakultak a k\u00e9t int\u00e9zm\u00e9ny szakemberei k\u00f6z\u00f6tt, s b\u00e1r ez a projekt most lez\u00e1rult, szeretn\u00e9 a k\u00e9t k\u00f3rh\u00e1z folytatni az egy\u00fcttm\u0171k\u00f6d\u00e9st. Nagy Jen\u0151 orvosigazgat\u00f3 pedig r\u00e9szletesen ismertette a mak\u00f3i j\u00e1r\u00f3beteg ell\u00e1t\u00e1s fejleszt\u00e9s\u00e9nek eredm\u00e9nyeit.<\/p>\n<p>Florin Voichescu, a lugosi k\u00f3rh\u00e1z igazgat\u00f3ja megk\u00f6sz\u00f6nte az egy\u00fcttm\u0171k\u00f6d\u00e9st, s tolm\u00e1csolta a lugosi polg\u00e1rmester j\u00f3k\u00edv\u00e1ns\u00e1gait is.<\/p>\n<p>Tov\u00e1bbi cikkek:<\/p>\n<h3 id=\"watch-headline-title\" class=\"yt\" style=\"color: #222222;\"><a href=\"https:\/\/www.youtube.com\/watch?v=zA7d1fqCOCM\" target=\"_blank\"><span id=\"eow-title\" class=\"watch-title  \" dir=\"ltr\" title=\"Befejez\u0151d\u00f6tt a mak\u00f3i rendel\u0151 fel\u00faj\u00edt\u00e1sa\">Befejez\u0151d\u00f6tt a mak\u00f3i rendel\u0151 fel\u00faj\u00edt\u00e1sa (Mak\u00f3i VTV, vide\u00f3)<\/span><\/a><\/h3>\n<h3><a href=\"http:\/\/www.vasarhelyitv.hu\/hirek.php?hir=3275\" target=\"_blank\">Lez\u00e1rult Mak\u00f3 \u00e9s Lugos k\u00f6z\u00f6s eg\u00e9szs\u00e9g\u00fcgyi projektje\u00a0(V\u00e1s\u00e1rhelyi VTV)<\/a><\/h3>\n<h3><a href=\"http:\/\/promenad.hu\/cikk\/egyutt-fejlodott-a-makoi-es-lugosi-egeszsegugy-146103\" target=\"_blank\"><strong>Egy\u00fctt fejl\u0151d\u00f6tt a mak\u00f3i \u00e9s lugosi eg\u00e9szs\u00e9g\u00fcgy (promenad.hu)<\/strong><\/a><\/h3>\n<h3><a href=\"http:\/\/www.weborvos.hu\/lapszemle\/egyutt_fejlodott_a_makoi_es\/216843\/\" target=\"_blank\">Egy\u00fctt fejl\u0151d\u00f6tt a mak\u00f3i \u00e9s lugosi eg\u00e9szs\u00e9g\u00fcgy (weborvos.hu)<\/a><\/h3>\n<p>&nbsp;<\/p>\n<p>&nbsp;<\/p>\n","protected":false},"excerpt":{"rendered":"<p>\u00dcnnep\u00e9lyes keretek k\u00f6z\u00f6tt ma z\u00e1rult le a mak\u00f3i \u00e9s a lugosi k\u00f3rh\u00e1z tavaly janu\u00e1rj\u00e1ban indult k\u00f6z\u00f6s projektje. A Dr. Di\u00f3sszil\u00e1gyi S\u00e1muel k\u00f3rh\u00e1z rendel\u0151int\u00e9zet\u00e9nek k\u00fcls\u0151 fel\u00faj\u00edt\u00e1s\u00e1t, h\u0151szigetel\u00e9s\u00e9t \u00e9s ny\u00edl\u00e1sz\u00e1r\u00f3 cser\u00e9j\u00e9t v\u00e9gezt\u00e9k az elnyert 130 milli\u00f3 forintb\u00f3l, illetve h\u00e1rom \u00faj m\u0171szert is v\u00e1s\u00e1roltak. Az &#8222;Eg\u00e9szs\u00e9g\u00fcgy- \u00e9s attit\u0171dfejleszt\u00e9s Mak\u00f3 \u00e9s Lugos t\u00e9rs\u00e9g\u00e9ben&#8221; c\u00edm\u0171 projekt &#8211; mint az Kallai [&hellip;]<\/p>\n","protected":false},"author":1,"featured_media":0,"parent":0,"menu_order":0,"comment_status":"closed","ping_status":"closed","template":"","meta":{"footnotes":""},"class_list":["post-248","page","type-page","status-publish","hentry"],"_links":{"self":[{"href":"https:\/\/huromed.hu\/ro\/wp-json\/wp\/v2\/pages\/248","targetHints":{"allow":["GET"]}}],"collection":[{"href":"https:\/\/huromed.hu\/ro\/wp-json\/wp\/v2\/pages"}],"about":[{"href":"https:\/\/huromed.hu\/ro\/wp-json\/wp\/v2\/types\/page"}],"author":[{"embeddable":true,"href":"https:\/\/huromed.hu\/ro\/wp-json\/wp\/v2\/users\/1"}],"replies":[{"embeddable":true,"href":"https:\/\/huromed.hu\/ro\/wp-json\/wp\/v2\/comments?post=248"}],"version-history":[{"count":1,"href":"https:\/\/huromed.hu\/ro\/wp-json\/wp\/v2\/pages\/248\/revisions"}],"predecessor-version":[{"id":249,"href":"https:\/\/huromed.hu\/ro\/wp-json\/wp\/v2\/pages\/248\/revisions\/249"}],"wp:attachment":[{"href":"https:\/\/huromed.hu\/ro\/wp-json\/wp\/v2\/media?parent=248"}],"curies":[{"name":"wp","href":"https:\/\/api.w.org\/{rel}","templated":true}]}}