{"id":251,"date":"2014-10-27T10:40:26","date_gmt":"2014-10-27T10:40:26","guid":{"rendered":"http:\/\/huromed.hu\/?page_id=251"},"modified":"2014-10-27T10:40:26","modified_gmt":"2014-10-27T10:40:26","slug":"kozos-egeszsegugyi-projekt-kereteben-fejlodik-mako-es-lugos","status":"publish","type":"page","link":"https:\/\/huromed.hu\/ro\/kozos-egeszsegugyi-projekt-kereteben-fejlodik-mako-es-lugos\/","title":{"rendered":"K\u00f6z\u00f6s eg\u00e9szs\u00e9g\u00fcgyi projekt keret\u00e9ben fejl\u0151dik Mak\u00f3 \u00e9s Lugos"},"content":{"rendered":"<p><span style=\"color: #626262;\">Egy hat\u00e1ron \u00e1tny\u00fal\u00f3 p\u00e1ly\u00e1zatnak k\u00f6sz\u00f6nhet\u0151en fejl\u0151dik a mak\u00f3i \u00e9s a lugosi k\u00f3rh\u00e1z. Mak\u00f3n a j\u00e1r\u00f3beteg ell\u00e1t\u00e1si r\u00e9szleg \u00fajul meg, m\u00edg a rom\u00e1niai telep\u00fcl\u00e9sen a s\u00fcrg\u0151ss\u00e9gi oszt\u00e1lyt \u00e9p\u00edtik \u00e1t. Emellett egy szakmai egy\u00fcttm\u0171k\u00f6d\u00e9s is kezdet\u00e9t veszi, amelynek keret\u00e9ben az Eg\u00e9szs\u00e9ges V\u00e1s\u00e1rhely Program n\u00e9peg\u00e9szs\u00e9g\u00fcgyi tapasztalataira is t\u00e1maszkodhatnak majd a p\u00e1ly\u00e1zatban r\u00e9sztvev\u0151k.\u00a0<\/span><\/p>\n<p style=\"color: #626262;\">K\u00f6zel 1 milli\u00f3 200 ezer eur\u00f3s, Eur\u00f3pai Uni\u00f3s projekt keret\u00e9ben \u00fajul meg a mak\u00f3i \u00e9s a rom\u00e1niai, lugosi k\u00f3rh\u00e1z egy-egy r\u00e9szlege. Mindk\u00e9nt int\u00e9zm\u00e9nyben infrastruktrur\u00e1lis fejleszt\u00e9sek \u00e9s eszk\u00f6zbeszerz\u00e9sek val\u00f3sulnak meg, illetve szakmai egy\u00fcttm\u0171k\u00f6d\u00e9sre is lehet\u0151s\u00e9g ny\u00edlik. Ezen bel\u00fcl workshopokat szerveznek, fejlesztik a t\u00e1vdiagnosztik\u00e1t, s\u0151t videokonferenci\u00e1kat is szerveznek majd.<\/p>\n<p style=\"color: #626262;\">&#8211; A mak\u00f3i k\u00f3rh\u00e1z a j\u00e1r\u00f3beteg szakrendel\u0151 fel\u00faj\u00edt\u00e1s\u00e1t k\u00edv\u00e1nja megval\u00f3s\u00edtani, illetve mellette egy n\u00e9peg\u00e9szs\u00e9g\u00fcgyi programot is ind\u00edthat, amely a v\u00e1s\u00e1rhelyi tapasztalatokkal kib\u0151v\u00fclve m\u00e9g hat\u00e9konyabb lehet egy sz\u00edv- \u00e9s \u00e9rrendszeri betegs\u00e9gmegel\u0151z\u0151 alapprogram keret\u00e9ben \u2013 \u00f6sszegezte dr. Kallai \u00c1rp\u00e1d, a Csongr\u00e1d Megyei Eg\u00e9szs\u00e9g\u00fcgyi Ell\u00e1t\u00f3 K\u00f6zpont H\u00f3dmez\u0151v\u00e1s\u00e1rhely-Mak\u00f3 int\u00e9zm\u00e9ny f\u0151igazgat\u00f3ja.<\/p>\n<p style=\"color: #626262;\">Lugoson a p\u00e1ly\u00e1zati p\u00e9nz legjelent\u0151sebb r\u00e9sz\u00e9t a s\u00fcrg\u0151ss\u00e9gi oszt\u00e1ly \u00e1tszervez\u00e9s\u00e9re, \u00e1t\u00e9p\u00edt\u00e9s\u00e9re ford\u00edtj\u00e1k. A rom\u00e1n partner a s\u00fcrg\u0151ss\u00e9gi ell\u00e1t\u00e1sszervez\u00e9s ter\u00e9n sz\u00e1m\u00edt legink\u00e1bb a mak\u00f3i k\u00f3rh\u00e1z tapasztalataira, de egy\u00fcttm\u0171k\u00f6d\u00e9s egy\u00e9b ter\u00fcleteken is megval\u00f3sul. Ilyen kiemelt ter\u00fclet a radiol\u00f3gia, illetve a n\u00e9peg\u00e9szs\u00e9g\u00fcgy, amelynek kapcs\u00e1n a v\u00e1s\u00e1rhelyi k\u00f3rh\u00e1z is szerephez jut.<\/p>\n<p style=\"color: #626262;\">&#8211; A h\u00f3dmez\u0151v\u00e1s\u00e1rhelyi tapasztalatok Mak\u00f3n kereszt\u00fcl ak\u00e1r a lugosiak sz\u00e1m\u00e1ra is \u00e1tadhat\u00f3 \u00e9s p\u00e9ld\u00e1ul a sz\u00edv- \u00e9s \u00e9rrendszeri betegs\u00e9gekben \u2013 amely n\u00e9pbetegs\u00e9g az eg\u00e9sz vil\u00e1gon \u2013 komoly el\u0151rel\u00e9p\u00e9st adhatunk a rom\u00e1n partner sz\u00e1m\u00e1ra. De mi is tanulhatunk t\u0151l\u00fck \u00e9s hasznos\u00edthatjuk az \u0151 j\u00f3l bev\u00e1lt tapasztalataikat \u2013 tette hozz\u00e1 dr. Kallai \u00c1rp\u00e1d.<\/p>\n<p style=\"color: #626262;\">A c\u00e9l mindk\u00e9t partner sz\u00e1m\u00e1ra a betegell\u00e1t\u00e1s sz\u00ednvonal\u00e1nak jav\u00edt\u00e1sa. Ezt t\u00fckr\u00f6zi a projekt mott\u00f3ja is: k\u00e9t orsz\u00e1g, egy c\u00e9l, k\u00f6z\u00f6s siker!<\/p>\n<h3 style=\"color: #626262;\"><a href=\"http:\/\/huromed.hu\/wp-content\/uploads\/2014\/10\/hird_makmoz.png\" target=\"_blank\">Hirdet\u00e9s a Mak\u00f3i Mozaikban<\/a><\/h3>\n<h3 style=\"color: #626262;\"><a href=\"http:\/\/huromed.hu\/wp-content\/uploads\/2014\/10\/HURO_Mak\u00f3_Lugos_prezent\u00e1ci\u00f3_K\u00c1_130312_v1.doc.ppt\" target=\"_blank\">Dr. Kallai \u00c1rp\u00e1d prezent\u00e1ci\u00f3ja<\/a><\/h3>\n<h3><a href=\"http:\/\/huromed.hu\/wp-content\/uploads\/2014\/10\/Prezentare-12.03.2013_en-Florin.ppt\" target=\"_blank\"><span style=\"color: #545454;\">Voichescu\u00a0<\/span><span style=\"font-weight: bold; color: #545454;\">Florin prezent\u00e1ci\u00f3ja<\/span><\/a><\/h3>\n","protected":false},"excerpt":{"rendered":"<p>Egy hat\u00e1ron \u00e1tny\u00fal\u00f3 p\u00e1ly\u00e1zatnak k\u00f6sz\u00f6nhet\u0151en fejl\u0151dik a mak\u00f3i \u00e9s a lugosi k\u00f3rh\u00e1z. Mak\u00f3n a j\u00e1r\u00f3beteg ell\u00e1t\u00e1si r\u00e9szleg \u00fajul meg, m\u00edg a rom\u00e1niai telep\u00fcl\u00e9sen a s\u00fcrg\u0151ss\u00e9gi oszt\u00e1lyt \u00e9p\u00edtik \u00e1t. Emellett egy szakmai egy\u00fcttm\u0171k\u00f6d\u00e9s is kezdet\u00e9t veszi, amelynek keret\u00e9ben az Eg\u00e9szs\u00e9ges V\u00e1s\u00e1rhely Program n\u00e9peg\u00e9szs\u00e9g\u00fcgyi tapasztalataira is t\u00e1maszkodhatnak majd a p\u00e1ly\u00e1zatban r\u00e9sztvev\u0151k.\u00a0 K\u00f6zel 1 milli\u00f3 200 ezer eur\u00f3s, [&hellip;]<\/p>\n","protected":false},"author":1,"featured_media":0,"parent":0,"menu_order":0,"comment_status":"closed","ping_status":"closed","template":"","meta":{"footnotes":""},"class_list":["post-251","page","type-page","status-publish","hentry"],"_links":{"self":[{"href":"https:\/\/huromed.hu\/ro\/wp-json\/wp\/v2\/pages\/251","targetHints":{"allow":["GET"]}}],"collection":[{"href":"https:\/\/huromed.hu\/ro\/wp-json\/wp\/v2\/pages"}],"about":[{"href":"https:\/\/huromed.hu\/ro\/wp-json\/wp\/v2\/types\/page"}],"author":[{"embeddable":true,"href":"https:\/\/huromed.hu\/ro\/wp-json\/wp\/v2\/users\/1"}],"replies":[{"embeddable":true,"href":"https:\/\/huromed.hu\/ro\/wp-json\/wp\/v2\/comments?post=251"}],"version-history":[{"count":1,"href":"https:\/\/huromed.hu\/ro\/wp-json\/wp\/v2\/pages\/251\/revisions"}],"predecessor-version":[{"id":255,"href":"https:\/\/huromed.hu\/ro\/wp-json\/wp\/v2\/pages\/251\/revisions\/255"}],"wp:attachment":[{"href":"https:\/\/huromed.hu\/ro\/wp-json\/wp\/v2\/media?parent=251"}],"curies":[{"name":"wp","href":"https:\/\/api.w.org\/{rel}","templated":true}]}}