{"id":4,"date":"2013-04-29T09:51:13","date_gmt":"2013-04-29T09:51:13","guid":{"rendered":"http:\/\/huromed.hu\/?page_id=4"},"modified":"2014-10-27T08:37:37","modified_gmt":"2014-10-27T08:37:37","slug":"projekt","status":"publish","type":"page","link":"https:\/\/huromed.hu\/ro\/projekt\/","title":{"rendered":"Proiect"},"content":{"rendered":"<p>Programul de cooperare transfrontalier\u0103 \u00eentre Mak\u00f3 \u015fi Lugoj vizeaz\u0103 \u00eembun\u0103t\u0103\u0163irea st\u0103rii de s\u0103n\u0103tate a locuitorilor din regiune prin dezvolt\u0103ri infrastructurale, form\u0103ri profesionale \u015fi ac\u0163iuni de con\u015ftientizare organizate pentru popula\u0163ie.<br \/>\nProiectul finan\u0163at de Uniunea European\u0103, prin Programul de Cooperare Transfrontalier\u0103 Ungaria-Rom\u00e2nia 2007-2013, poart\u0103 denumirea \u201eDezvoltarea s\u0103n\u0103t\u0103\u0163ii \u015fi atitudinii \u00een regiunea Mak\u00f3 \u015fi Lugoj\u201d.<br \/>\n\u00cen martie 2013, cu sprijinul Uniunii Europene, \u00een cadrul Programului de Cooperare Transfrontalier\u0103 Ungaria-Rom\u00e2nia 2007-2013, a fost lansat proiectul comun transfrontalier \u00eentre Spitalul Municipal Lugoj \u015fi Csongr\u00e1d Megyei Eg\u00e9szs\u00e9g\u00fcgyi Ell\u00e1t\u00f3 K\u00f6zpont H\u00f3dmez\u0151v\u00e1s\u00e1rhely-Mak\u00f3 (Centrul de Servicii de S\u0103n\u0103tate din Jude\u0163ul Csongr\u00e1d, H\u00f3dmez\u0151v\u00e1s\u00e1rhely-Mak\u00f3). Datorit\u0103 acestui proiect, au fost realizate dezvolt\u0103ri infrastructurale \u015fi profesionale semnificative \u015fi au fost implementate programe de con\u015ftientizare \u00een domeniul s\u0103n\u0103t\u0103\u0163ii \u00een ambele regiuni. Proiectul a fost coordonat de Spitalul Municipal Lugoj \u00een calitate de partener-lider de proiect, cu participarea Csongr\u00e1d Megyei Eg\u00e9szs\u00e9g\u00fcgyi Ell\u00e1t\u00f3 K\u00f6zpont H\u00f3dmez\u0151v\u00e1s\u00e1rhely-Mak\u00f3 \u00een calitate de partener de proiect.<br \/>\nDintre dezvolt\u0103rile infrastructurale, cea mai semnificativ\u0103 \u00een Mak\u00f3 a fost renovarea \u015fi dezvoltarea cl\u0103dirii pentru \u00eengrijire ambulatorie conform cerin\u0163elor Uniunii Europene: \u00een cadrul construc\u0163iilor demarate \u00een ianuarie 2014, au fost \u00eenlocuite u\u015file \u015fi ferestrele exterioare, a fost renovat acoperi\u015ful \u015fi a fost executat\u0103 reabilitarea termic\u0103 exterioar\u0103 a cl\u0103dirii.<br \/>\n\u00cen Lugoj, proiectul \u015fi-a propus transformarea serviciilor de \u00eengrijire de urgen\u0163\u0103 \u015fi dezvoltarea infrastructurii.<br \/>\nWorkshopurile multidisciplinare dintre cele dou\u0103 spitale servesc la dezvoltarea cuno\u015ftin\u0163elor. \u00cen cadrul subprogramului \u201eDe la inim\u0103 la inim\u0103\u201d, obiectivul propus a fost prevenirea bolilor cardiovasculare. Astfel, scopul special al proiectului este dezvoltarea serviciilor de diagnosticare \u015fi \u00eengrijire legate de boal\u0103, informarea popula\u0163iei \u015fi screeningul, precum \u015fi reducerea riscurilor legate de boal\u0103.<\/p>\n","protected":false},"excerpt":{"rendered":"<p>Programul de cooperare transfrontalier\u0103 \u00eentre Mak\u00f3 \u015fi Lugoj vizeaz\u0103 \u00eembun\u0103t\u0103\u0163irea st\u0103rii de s\u0103n\u0103tate a locuitorilor din regiune prin dezvolt\u0103ri infrastructurale, form\u0103ri profesionale \u015fi ac\u0163iuni de con\u015ftientizare organizate pentru popula\u0163ie. Proiectul finan\u0163at de Uniunea European\u0103, prin Programul de Cooperare Transfrontalier\u0103 Ungaria-Rom\u00e2nia 2007-2013, poart\u0103 denumirea \u201eDezvoltarea s\u0103n\u0103t\u0103\u0163ii \u015fi atitudinii \u00een regiunea Mak\u00f3 \u015fi Lugoj\u201d. \u00cen martie 2013, [&hellip;]<\/p>\n","protected":false},"author":1,"featured_media":0,"parent":0,"menu_order":0,"comment_status":"open","ping_status":"open","template":"","meta":{"footnotes":""},"class_list":["post-4","page","type-page","status-publish","hentry"],"_links":{"self":[{"href":"https:\/\/huromed.hu\/ro\/wp-json\/wp\/v2\/pages\/4","targetHints":{"allow":["GET"]}}],"collection":[{"href":"https:\/\/huromed.hu\/ro\/wp-json\/wp\/v2\/pages"}],"about":[{"href":"https:\/\/huromed.hu\/ro\/wp-json\/wp\/v2\/types\/page"}],"author":[{"embeddable":true,"href":"https:\/\/huromed.hu\/ro\/wp-json\/wp\/v2\/users\/1"}],"replies":[{"embeddable":true,"href":"https:\/\/huromed.hu\/ro\/wp-json\/wp\/v2\/comments?post=4"}],"version-history":[{"count":4,"href":"https:\/\/huromed.hu\/ro\/wp-json\/wp\/v2\/pages\/4\/revisions"}],"predecessor-version":[{"id":121,"href":"https:\/\/huromed.hu\/ro\/wp-json\/wp\/v2\/pages\/4\/revisions\/121"}],"wp:attachment":[{"href":"https:\/\/huromed.hu\/ro\/wp-json\/wp\/v2\/media?parent=4"}],"curies":[{"name":"wp","href":"https:\/\/api.w.org\/{rel}","templated":true}]}}