{"id":45,"date":"2013-04-29T10:12:50","date_gmt":"2013-04-29T10:12:50","guid":{"rendered":"http:\/\/huromed.hu\/?page_id=45"},"modified":"2024-06-26T06:32:45","modified_gmt":"2024-06-26T06:32:45","slug":"huromed","status":"publish","type":"page","link":"https:\/\/huromed.hu\/ro\/","title":{"rendered":"Eg\u00e9szs\u00e9g\u00fcgy- \u00e9s attit\u0171dfejleszt\u00e9s Mak\u00f3 \u00e9s Lugos t\u00e9rs\u00e9g\u00e9ben"},"content":{"rendered":"\n<figure class=\"wp-block-table\"><table><tbody><tr><td><a href=\"http:\/\/huromed.hu\/wp-content\/uploads\/2014\/08\/lugos2.jpg\"><img loading=\"lazy\" decoding=\"async\" class=\"alignnone size-full wp-image-74\" src=\"http:\/\/huromed.hu\/wp-content\/uploads\/2014\/08\/lugos2.jpg\" alt=\"lugos2\" width=\"290\" height=\"189\"><\/a><\/td><td><a href=\"http:\/\/huromed.hu\/wp-content\/uploads\/2014\/08\/mako2.jpg\"><img loading=\"lazy\" decoding=\"async\" class=\"alignnone size-full wp-image-73\" src=\"http:\/\/huromed.hu\/wp-content\/uploads\/2014\/08\/mako2.jpg\" alt=\"mako2\" width=\"290\" height=\"189\"><\/a><\/td><\/tr><\/tbody><\/table><\/figure>\n\n\n\n<figure class=\"wp-block-image\"><a href=\"http:\/\/huromed.hu\/wp-content\/uploads\/2014\/08\/maklug.png\"><img loading=\"lazy\" decoding=\"async\" width=\"600\" height=\"741\" src=\"http:\/\/huromed.hu\/wp-content\/uploads\/2014\/08\/maklug.png\" alt=\"maklug\" class=\"wp-image-80\" srcset=\"https:\/\/huromed.hu\/wp-content\/uploads\/2014\/08\/maklug.png 600w, https:\/\/huromed.hu\/wp-content\/uploads\/2014\/08\/maklug-242x300.png 242w\" sizes=\"auto, (max-width: 600px) 100vw, 600px\" \/><\/a><\/figure>\n","protected":false},"excerpt":{"rendered":"","protected":false},"author":1,"featured_media":0,"parent":0,"menu_order":0,"comment_status":"open","ping_status":"open","template":"","meta":{"footnotes":""},"class_list":["post-45","page","type-page","status-publish","hentry"],"_links":{"self":[{"href":"https:\/\/huromed.hu\/ro\/wp-json\/wp\/v2\/pages\/45","targetHints":{"allow":["GET"]}}],"collection":[{"href":"https:\/\/huromed.hu\/ro\/wp-json\/wp\/v2\/pages"}],"about":[{"href":"https:\/\/huromed.hu\/ro\/wp-json\/wp\/v2\/types\/page"}],"author":[{"embeddable":true,"href":"https:\/\/huromed.hu\/ro\/wp-json\/wp\/v2\/users\/1"}],"replies":[{"embeddable":true,"href":"https:\/\/huromed.hu\/ro\/wp-json\/wp\/v2\/comments?post=45"}],"version-history":[{"count":26,"href":"https:\/\/huromed.hu\/ro\/wp-json\/wp\/v2\/pages\/45\/revisions"}],"predecessor-version":[{"id":628,"href":"https:\/\/huromed.hu\/ro\/wp-json\/wp\/v2\/pages\/45\/revisions\/628"}],"wp:attachment":[{"href":"https:\/\/huromed.hu\/ro\/wp-json\/wp\/v2\/media?parent=45"}],"curies":[{"name":"wp","href":"https:\/\/api.w.org\/{rel}","templated":true}]}}