{"id":6,"date":"2013-04-29T09:51:23","date_gmt":"2013-04-29T09:51:23","guid":{"rendered":"http:\/\/huromed.hu\/?page_id=6"},"modified":"2014-10-27T10:42:04","modified_gmt":"2014-10-27T10:42:04","slug":"mako","status":"publish","type":"page","link":"https:\/\/huromed.hu\/ro\/mako\/","title":{"rendered":"Mak\u00f3"},"content":{"rendered":"<p>\u00a0 Dintre dezvolt\u0103rile infrastructurale, cea mai semnificativ\u0103 \u00een Mak\u00f3 a fost renovarea \u015fi dezvoltarea cl\u0103dirii pentru \u00eengrijire ambulatorie conform cerin\u0163elor Uniunii Europene: \u00een cadrul construc\u0163iilor demarate \u00een ianuarie 2014, au fost \u00eenlocuite u\u015file \u015fi ferestrele exterioare, a fost renovat acoperi\u015ful \u015fi a fost executat\u0103 reabilitarea termic\u0103 exterioar\u0103 a cl\u0103dirii. Workshopurile multidisciplinare dintre cele dou\u0103 spitale servesc la dezvoltarea cuno\u015ftin\u0163elor. \u00cen cadrul subprogramului \u201eDe la inim\u0103 la inim\u0103\u201d, obiectivul propus a fost prevenirea bolilor cardiovasculare. Astfel, scopul special al proiectului este dezvoltarea serviciilor de diagnosticare \u015fi \u00eengrijire legate de boal\u0103, informarea popula\u0163iei \u015fi screeningul, precum \u015fi reducerea riscurilor legate de boal\u0103.<\/p>\n","protected":false},"excerpt":{"rendered":"<p>\u00a0 Dintre dezvolt\u0103rile infrastructurale, cea mai semnificativ\u0103 \u00een Mak\u00f3 a fost renovarea \u015fi dezvoltarea cl\u0103dirii pentru \u00eengrijire ambulatorie conform cerin\u0163elor Uniunii Europene: \u00een cadrul construc\u0163iilor demarate \u00een ianuarie 2014, au fost \u00eenlocuite u\u015file \u015fi ferestrele exterioare, a fost renovat acoperi\u015ful \u015fi a fost executat\u0103 reabilitarea termic\u0103 exterioar\u0103 a cl\u0103dirii. Workshopurile multidisciplinare dintre cele dou\u0103 spitale [&hellip;]<\/p>\n","protected":false},"author":1,"featured_media":0,"parent":0,"menu_order":0,"comment_status":"open","ping_status":"open","template":"","meta":{"footnotes":""},"class_list":["post-6","page","type-page","status-publish","hentry"],"_links":{"self":[{"href":"https:\/\/huromed.hu\/ro\/wp-json\/wp\/v2\/pages\/6","targetHints":{"allow":["GET"]}}],"collection":[{"href":"https:\/\/huromed.hu\/ro\/wp-json\/wp\/v2\/pages"}],"about":[{"href":"https:\/\/huromed.hu\/ro\/wp-json\/wp\/v2\/types\/page"}],"author":[{"embeddable":true,"href":"https:\/\/huromed.hu\/ro\/wp-json\/wp\/v2\/users\/1"}],"replies":[{"embeddable":true,"href":"https:\/\/huromed.hu\/ro\/wp-json\/wp\/v2\/comments?post=6"}],"version-history":[{"count":30,"href":"https:\/\/huromed.hu\/ro\/wp-json\/wp\/v2\/pages\/6\/revisions"}],"predecessor-version":[{"id":257,"href":"https:\/\/huromed.hu\/ro\/wp-json\/wp\/v2\/pages\/6\/revisions\/257"}],"wp:attachment":[{"href":"https:\/\/huromed.hu\/ro\/wp-json\/wp\/v2\/media?parent=6"}],"curies":[{"name":"wp","href":"https:\/\/api.w.org\/{rel}","templated":true}]}}