{"id":8,"date":"2013-04-29T09:51:32","date_gmt":"2013-04-29T09:51:32","guid":{"rendered":"http:\/\/huromed.hu\/?page_id=8"},"modified":"2014-08-25T09:58:50","modified_gmt":"2014-08-25T09:58:50","slug":"lugos","status":"publish","type":"page","link":"https:\/\/huromed.hu\/ro\/lugos\/","title":{"rendered":"Lugos"},"content":{"rendered":"<p>\u00cen Lugoj, proiectul \u015fi-a propus transformarea serviciilor de \u00eengrijire de urgen\u0163\u0103 \u015fi dezvoltarea infrastructurii.<br \/>\nWorkshopurile multidisciplinare dintre cele dou\u0103 spitale servesc la dezvoltarea cuno\u015ftin\u0163elor. \u00cen cadrul subprogramului \u201eDe la inim\u0103 la inim\u0103\u201d, obiectivul propus a fost prevenirea bolilor cardiovasculare. Astfel, scopul special al proiectului este dezvoltarea serviciilor de diagnosticare \u015fi \u00eengrijire legate de boal\u0103, informarea popula\u0163iei \u015fi screeningul, precum \u015fi reducerea riscurilor legate de boal\u0103.<\/p>\n","protected":false},"excerpt":{"rendered":"<p>\u00cen Lugoj, proiectul \u015fi-a propus transformarea serviciilor de \u00eengrijire de urgen\u0163\u0103 \u015fi dezvoltarea infrastructurii. Workshopurile multidisciplinare dintre cele dou\u0103 spitale servesc la dezvoltarea cuno\u015ftin\u0163elor. \u00cen cadrul subprogramului \u201eDe la inim\u0103 la inim\u0103\u201d, obiectivul propus a fost prevenirea bolilor cardiovasculare. Astfel, scopul special al proiectului este dezvoltarea serviciilor de diagnosticare \u015fi \u00eengrijire legate de boal\u0103, informarea [&hellip;]<\/p>\n","protected":false},"author":1,"featured_media":0,"parent":0,"menu_order":0,"comment_status":"open","ping_status":"open","template":"","meta":{"footnotes":""},"class_list":["post-8","page","type-page","status-publish","hentry"],"_links":{"self":[{"href":"https:\/\/huromed.hu\/ro\/wp-json\/wp\/v2\/pages\/8","targetHints":{"allow":["GET"]}}],"collection":[{"href":"https:\/\/huromed.hu\/ro\/wp-json\/wp\/v2\/pages"}],"about":[{"href":"https:\/\/huromed.hu\/ro\/wp-json\/wp\/v2\/types\/page"}],"author":[{"embeddable":true,"href":"https:\/\/huromed.hu\/ro\/wp-json\/wp\/v2\/users\/1"}],"replies":[{"embeddable":true,"href":"https:\/\/huromed.hu\/ro\/wp-json\/wp\/v2\/comments?post=8"}],"version-history":[{"count":3,"href":"https:\/\/huromed.hu\/ro\/wp-json\/wp\/v2\/pages\/8\/revisions"}],"predecessor-version":[{"id":118,"href":"https:\/\/huromed.hu\/ro\/wp-json\/wp\/v2\/pages\/8\/revisions\/118"}],"wp:attachment":[{"href":"https:\/\/huromed.hu\/ro\/wp-json\/wp\/v2\/media?parent=8"}],"curies":[{"name":"wp","href":"https:\/\/api.w.org\/{rel}","templated":true}]}}